{"id":10501,"date":"2016-12-09T21:47:47","date_gmt":"2016-12-09T21:47:47","guid":{"rendered":"http:\/\/treeworks.pt\/maple\/onepage\/?page_id=25"},"modified":"2023-01-30T14:04:48","modified_gmt":"2023-01-30T18:04:48","slug":"nous-contacter","status":"publish","type":"page","link":"https:\/\/villalaroserie.fr\/en\/nous-contacter\/","title":{"rendered":"Nous contacter"},"content":{"rendered":"<div class=\"vc_row wpb_row vc_row-fluid vc_custom_1617998747363\"><div class=\"wpb_column vc_column_container vc_col-sm-12\"><div class=\"vc_column-inner\"><div class=\"wpb_wrapper\"><h3 style=\"font-size: 28px;color: __USE_THEME_MAIN_COLOR__;line-height: 32px;text-align: center\" class=\"vc_custom_heading vc_custom_1617996566262\" >BOOK YOUR STAY<\/h3><div class=\"vc_empty_space\"   style=\"height: 50px\"><span class=\"vc_empty_space_inner\"><\/span><\/div>\n<div class=\"wpcf7 no-js\" id=\"wpcf7-f10931-o1\" lang=\"en-US\" dir=\"ltr\">\n<div class=\"screen-reader-response\"><p role=\"status\" aria-live=\"polite\" aria-atomic=\"true\"><\/p> <ul><\/ul><\/div>\n<form action=\"\/wp-json\/wp\/v2\/pages\/10501\" method=\"post\" class=\"wpcf7-form init\" aria-label=\"Contact form\" novalidate=\"novalidate\" data-status=\"init\" data-trp-original-action=\"\/en\/wp-json\/wp\/v2\/pages\/10501#wpcf7-f10931-o1\">\n<div style=\"display: none;\">\n<input type=\"hidden\" name=\"_wpcf7\" value=\"10931\" \/>\n<input type=\"hidden\" name=\"_wpcf7_version\" value=\"5.9.8\" \/>\n<input type=\"hidden\" name=\"_wpcf7_locale\" value=\"en_US\" \/>\n<input type=\"hidden\" name=\"_wpcf7_unit_tag\" value=\"wpcf7-f10931-o1\" \/>\n<input type=\"hidden\" name=\"_wpcf7_container_post\" value=\"0\" \/>\n<input type=\"hidden\" name=\"_wpcf7_posted_data_hash\" value=\"\" \/>\n<\/div>\n<div class=\"hazel-multiple-fields\">\n\t<div class=\"f-name\">\n\t\t<p>Nom et Pr\u00e9nom <span class=\"cforms-required\"><\/span>\n\t\t<\/p>\n\t\t<p><span class=\"wpcf7-form-control-wrap\" data-name=\"your-name\"><input size=\"40\" maxlength=\"400\" class=\"wpcf7-form-control wpcf7-text wpcf7-validates-as-required\" aria-required=\"true\" aria-invalid=\"false\" value=\"\" type=\"text\" name=\"your-name\" \/><\/span>\n\t\t<\/p>\n\t<\/div>\n\t<div class=\"f-email\">\n\t\t<p>Email <span class=\"cforms-required\"><\/span>\n\t\t<\/p>\n\t\t<p><span class=\"wpcf7-form-control-wrap\" data-name=\"your-email\"><input size=\"40\" maxlength=\"400\" class=\"wpcf7-form-control wpcf7-email wpcf7-validates-as-required wpcf7-text wpcf7-validates-as-email\" aria-required=\"true\" aria-invalid=\"false\" value=\"\" type=\"email\" name=\"your-email\" \/><\/span>\n\t\t<\/p>\n\t<\/div>\n\t<div class=\"f-tel\">\n\t\t<p>Phone <span class=\"cforms-required\"><\/span>\n\t\t<\/p>\n\t\t<p><span class=\"wpcf7-form-control-wrap\" data-name=\"tel\"><input size=\"40\" maxlength=\"400\" class=\"wpcf7-form-control wpcf7-tel wpcf7-validates-as-required wpcf7-text wpcf7-validates-as-tel\" aria-required=\"true\" aria-invalid=\"false\" value=\"\" type=\"tel\" name=\"tel\" \/><\/span>\n\t\t<\/p>\n\t<\/div>\n<\/div>\n<div class=\"f-date-arrivee\">\n\t<p>Arrival date <span class=\"cforms-required\"><\/span>\n\t<\/p>\n\t<p><span class=\"wpcf7-form-control-wrap\" data-name=\"Date-arrivee\"><input class=\"wpcf7-form-control wpcf7-date wpcf7-validates-as-required wpcf7-validates-as-date\" aria-required=\"true\" aria-invalid=\"false\" value=\"\" type=\"date\" name=\"Date-arrivee\" \/><\/span>\n\t<\/p>\n<\/div>\n<div class=\"f-date-depart\">\n\t<p>Date of departure <span class=\"cforms-required\"><\/span>\n\t<\/p>\n\t<p><span class=\"wpcf7-form-control-wrap\" data-name=\"Date-depart\"><input class=\"wpcf7-form-control wpcf7-date wpcf7-validates-as-required wpcf7-validates-as-date\" aria-required=\"true\" aria-invalid=\"false\" value=\"\" type=\"date\" name=\"Date-depart\" \/><\/span>\n\t<\/p>\n<\/div>\n<div class=\"f-adultes\">\n\t<p>Adultes<span class=\"cforms-required\"><\/span>\n\t<\/p>\n\t<p><span class=\"wpcf7-form-control-wrap\" data-name=\"adultes\"><select class=\"wpcf7-form-control wpcf7-select\" aria-invalid=\"false\" name=\"adultes\"><option value=\"-\">-<\/option><option value=\"1\">1<\/option><option value=\"2\">2<\/option><option value=\"3\">3<\/option><option value=\"4\">4<\/option><option value=\"5\">5<\/option><option value=\"6\">6<\/option><option value=\"7\">7<\/option><option value=\"8\">8<\/option><\/select><\/span>\n\t<\/p>\n<\/div>\n<div class=\"f-enfants\">\n\t<p>Enfants<span class=\"cforms-required\"><\/span>\n\t<\/p>\n\t<p><span class=\"wpcf7-form-control-wrap\" data-name=\"enfants\"><select class=\"wpcf7-form-control wpcf7-select\" aria-invalid=\"false\" name=\"enfants\"><option value=\"-\">-<\/option><option value=\"1\">1<\/option><option value=\"2\">2<\/option><option value=\"3\">3<\/option><option value=\"4\">4<\/option><option value=\"5\">5<\/option><option value=\"6\">6<\/option><\/select><\/span>\n\t<\/p>\n<\/div>\n<div class=\"f-message\">\n\t<p>Your message\n\t<\/p>\n\t<p><span class=\"wpcf7-form-control-wrap\" data-name=\"your-message\"><textarea cols=\"40\" rows=\"10\" maxlength=\"2000\" class=\"wpcf7-form-control wpcf7-textarea\" aria-invalid=\"false\" name=\"your-message\"><\/textarea><\/span>\n\t<\/p>\n<\/div>\n<div class=\"bt-contact\">\n\t<p><a class=\"btn-contact-left\"  href=\"\"><input class=\"wpcf7-form-control wpcf7-submit has-spinner\" type=\"submit\" value=\"SEND\" \/><\/a>\n\t<\/p>\n<\/div>\n\n<p style=\"display: none !important;\" class=\"akismet-fields-container\" data-prefix=\"_wpcf7_ak_\"><label>&#916;<textarea name=\"_wpcf7_ak_hp_textarea\" cols=\"45\" rows=\"8\" maxlength=\"100\"><\/textarea><\/label><input type=\"hidden\" id=\"ak_js_1\" name=\"_wpcf7_ak_js\" value=\"3\"\/><script>document.getElementById( \"ak_js_1\" ).setAttribute( \"value\", ( new Date() ).getTime() );<\/script><\/p><div class=\"wpcf7-response-output\" aria-hidden=\"true\"><\/div>\n<input type=\"hidden\" name=\"trp-form-language\" value=\"en\"\/><\/form>\n<\/div>\n<\/div><\/div><\/div><\/div><!-- Row Backgrounds -->","protected":false},"excerpt":{"rendered":"R\u00c9SERVATION Nom et Pr\u00e9nom Email T\u00e9l\u00e9phone Date d'arriv\u00e9e Date de d\u00e9part Adultes -12345678 Enfants -123456 Votre message &#916;","protected":false},"author":1,"featured_media":0,"parent":0,"menu_order":0,"comment_status":"closed","ping_status":"closed","template":"page.php","meta":{"footnotes":""},"_links":{"self":[{"href":"https:\/\/villalaroserie.fr\/en\/wp-json\/wp\/v2\/pages\/10501"}],"collection":[{"href":"https:\/\/villalaroserie.fr\/en\/wp-json\/wp\/v2\/pages"}],"about":[{"href":"https:\/\/villalaroserie.fr\/en\/wp-json\/wp\/v2\/types\/page"}],"author":[{"embeddable":true,"href":"https:\/\/villalaroserie.fr\/en\/wp-json\/wp\/v2\/users\/1"}],"replies":[{"embeddable":true,"href":"https:\/\/villalaroserie.fr\/en\/wp-json\/wp\/v2\/comments?post=10501"}],"version-history":[{"count":37,"href":"https:\/\/villalaroserie.fr\/en\/wp-json\/wp\/v2\/pages\/10501\/revisions"}],"predecessor-version":[{"id":11379,"href":"https:\/\/villalaroserie.fr\/en\/wp-json\/wp\/v2\/pages\/10501\/revisions\/11379"}],"wp:attachment":[{"href":"https:\/\/villalaroserie.fr\/en\/wp-json\/wp\/v2\/media?parent=10501"}],"curies":[{"name":"wp","href":"https:\/\/api.w.org\/{rel}","templated":true}]}}