{"id":10704,"date":"2017-09-15T20:06:45","date_gmt":"2017-09-16T00:06:45","guid":{"rendered":"http:\/\/treekode.com\/themes\/hazel\/multipage\/?page_id=46"},"modified":"2025-04-23T23:07:54","modified_gmt":"2025-04-24T03:07:54","slug":"tarifs","status":"publish","type":"page","link":"https:\/\/villalaroserie.fr\/en\/tarifs\/","title":{"rendered":"Tarifs"},"content":{"rendered":"<div class=\"wp-block-columns is-layout-flex wp-container-core-columns-layout-2 wp-block-columns-is-layout-flex\">\n<div class=\"wp-block-column is-layout-flow wp-block-column-is-layout-flow\" style=\"flex-basis:100%\">\n<div class=\"wp-block-group is-layout-flow wp-block-group-is-layout-flow\"><div class=\"wp-block-group__inner-container\">\n<div class=\"wp-block-columns is-layout-flex wp-container-core-columns-layout-1 wp-block-columns-is-layout-flex\">\n<div class=\"wp-block-column is-layout-flow wp-block-column-is-layout-flow\">\n<p><meta charset=\"utf-8\"><\/p>\n\n\n\n<p><\/p>\n\n\n\n<div style=\"height:21px\" aria-hidden=\"true\" class=\"wp-block-spacer\"><\/div>\n\n\n\n<p><\/p>\n\n\n\n<p><\/p>\n\n\n\n<p>Retrouvez nos tarifs pour l&rsquo;ann\u00e9e 2023 pour la villa enti\u00e8re avec un minimum de 4 nuit\u00e9es<\/p>\n\n\n\n<p><\/p>\n\n\n\n<p><\/p>\n\n\n\n<p><\/p>\n\n\n\n<p><\/p>\n\n\n\n<figure class=\"wp-block-table\"><table><tbody><tr><td><\/td><td>Par jour<\/td><td>Par semaine*<\/td><\/tr><tr><td>Tr\u00e8s haute saison<br>20 d\u00e9cembre au 1er Janvier<\/td><td>320\u20ac<\/td><td>&#8211;<\/td><\/tr><tr><td><strong>Haute saison<br><\/strong>1 janvier 2022 &#8211; 31 mars 2022<\/td><td>290\u20ac<\/td><td>1929\u20ac<\/td><\/tr><tr><td><strong>Basse saison<br><\/strong>1er Avril 2022 &#8211; 30 novembre 2022<\/td><td>260\u20ac<\/td><td>1729\u20ac<\/td><\/tr><\/tbody><\/table><figcaption class=\"wp-element-caption\"><br>* Le calcul par semaine est valable pour un cumul de minimum 2 semaines<\/figcaption><\/figure>\n<\/div>\n<\/div>\n\n\n\n<h4 class=\"wp-block-heading\">Conditions g\u00e9n\u00e9rales<\/h4>\n\n\n\n<h5 class=\"wp-block-heading\">Ech\u00e9ancier du paiement<\/h5>\n\n\n\n<p>50% d\u00fb au moment de la r\u00e9servation.<\/p>\n\n\n\n<p>Montant r\u00e9siduel d\u00fb 0 jours avant l&rsquo;arriv\u00e9e.<\/p>\n\n\n\n<h5 class=\"wp-block-heading\">Politique d&rsquo;annulation<\/h5>\n\n\n\n<p>50% des r\u00e8glements pr\u00e9-pay\u00e9s sont remboursables en cas d&rsquo;annulation 10 jours avant l&rsquo;arriv\u00e9e ou plus t\u00f4t.<\/p>\n\n\n\n<p>Aucun remboursement si annulation apr\u00e8s ce d\u00e9lai de 10 jours.<\/p>\n\n\n\n<h5 class=\"wp-block-heading\">D\u00e9p\u00f4t de garantie<\/h5>\n\n\n\n<p>Une caution (remboursable) de 1500\u20ac est due en cas de d\u00e9g\u00e2ts.<\/p>\n\n\n\n<p><\/p>\n<\/div><\/div>\n<\/div>\n<\/div>","protected":false},"excerpt":{"rendered":"<p>Retrouvez nos tarifs pour l&rsquo;ann\u00e9e 2023 pour la villa enti\u00e8re avec un minimum de 4 nuit\u00e9es Par jour Par semaine* Tr\u00e8s haute saison20 d\u00e9cembre au 1er Janvier 320\u20ac &#8211; Haute saison1 janvier 2022 &#8211; 31 mars 2022 290\u20ac 1929\u20ac Basse saison1er Avril 2022 &#8211; 30 novembre 2022 260\u20ac 1729\u20ac * Le calcul par semaine est [&hellip;]<\/p>","protected":false},"author":1,"featured_media":10852,"parent":0,"menu_order":0,"comment_status":"closed","ping_status":"closed","template":"page.php","meta":{"footnotes":""},"_links":{"self":[{"href":"https:\/\/villalaroserie.fr\/en\/wp-json\/wp\/v2\/pages\/10704"}],"collection":[{"href":"https:\/\/villalaroserie.fr\/en\/wp-json\/wp\/v2\/pages"}],"about":[{"href":"https:\/\/villalaroserie.fr\/en\/wp-json\/wp\/v2\/types\/page"}],"author":[{"embeddable":true,"href":"https:\/\/villalaroserie.fr\/en\/wp-json\/wp\/v2\/users\/1"}],"replies":[{"embeddable":true,"href":"https:\/\/villalaroserie.fr\/en\/wp-json\/wp\/v2\/comments?post=10704"}],"version-history":[{"count":41,"href":"https:\/\/villalaroserie.fr\/en\/wp-json\/wp\/v2\/pages\/10704\/revisions"}],"predecessor-version":[{"id":11447,"href":"https:\/\/villalaroserie.fr\/en\/wp-json\/wp\/v2\/pages\/10704\/revisions\/11447"}],"wp:featuredmedia":[{"embeddable":true,"href":"https:\/\/villalaroserie.fr\/en\/wp-json\/wp\/v2\/media\/10852"}],"wp:attachment":[{"href":"https:\/\/villalaroserie.fr\/en\/wp-json\/wp\/v2\/media?parent=10704"}],"curies":[{"name":"wp","href":"https:\/\/api.w.org\/{rel}","templated":true}]}}