{"id":109,"date":"2017-09-15T21:03:32","date_gmt":"2017-09-15T21:03:32","guid":{"rendered":"http:\/\/treekode.com\/themes\/hazel\/multipage\/?page_id=109"},"modified":"2017-09-15T21:03:32","modified_gmt":"2017-09-15T21:03:32","slug":"testimonials","status":"publish","type":"page","link":"https:\/\/villalaroserie.fr\/en\/testimonials\/","title":{"rendered":"Testimonials"},"content":{"rendered":"<div class=\"vc_row wpb_row vc_row-fluid vc_custom_1481565297245\"><div class=\"wpb_column vc_column_container vc_col-sm-2\"><div class=\"vc_column-inner\"><div class=\"wpb_wrapper\"><\/div><\/div><\/div><div class=\"wpb_column vc_column_container vc_col-sm-8\"><div class=\"vc_column-inner\"><div class=\"wpb_wrapper\"><h4 style=\"text-align: center\" class=\"vc_custom_heading\" >TESTIMONIALS STYLE 1<\/h4><div class=\"vc_empty_space\"   style=\"height: 60px\"><span class=\"vc_empty_space_inner\"><\/span><\/div><div id=\"testimonials-container-1\" class=\"container testimonials style1\"><div class=\"testimonial-box\"><ul class=\"testimonial-nav\"><li><a href=\"#testimonial-1\"  class=\"active\" ><img decoding=\"async\" alt=\"Testimonials#2\" src=\"https:\/\/villalaroserie.fr\/wp-content\/uploads\/2024\/03\/profile-2.png\" \/><div class=\"cover-test-img\"><\/div><\/a><\/li><li><a href=\"#testimonial-2\" ><img decoding=\"async\" alt=\"Testimonial #01\" src=\"https:\/\/villalaroserie.fr\/wp-content\/uploads\/2024\/03\/profile-2.png\" \/><div class=\"cover-test-img\"><\/div><\/a><\/li><li><a href=\"#testimonial-3\" ><img decoding=\"async\" alt=\"Testimonial #06\" src=\"https:\/\/villalaroserie.fr\/wp-content\/uploads\/2017\/10\/avis.jpg\" \/><div class=\"cover-test-img\"><\/div><\/a><\/li><\/ul><div class=\"testimonials-content\"><div class=\"testimonial active\" id=\"testimonial-1\"><p style=\"text-align: center\">Magnifique maison \u00e9quip\u00e9e, propre avec un accueil incroyable des propri\u00e9taires. Nous avons pass\u00e9 un excellent s\u00e9jour.<\/p>\r\n&nbsp;<span class=\"t-author-style1\">Olivier<\/span><\/div><div class=\"testimonial\" id=\"testimonial-2\"><p style=\"text-align: center\">Tr\u00e8s beau logement et tr\u00e8s bien \u00e9quip\u00e9. L'accueil s'est bien pass\u00e9. Tr\u00e8s propre et confortable, proche des commodit\u00e9s. Merci<\/p><span class=\"t-author-style1\">Faury<\/span><\/div><div class=\"testimonial\" id=\"testimonial-3\"><p style=\"text-align: center\">Tr\u00e8s belle villa, bien am\u00e9nag\u00e9 et propre. Nous avons pass\u00e9 un agr\u00e9able s\u00e9jour. Merci beaucoup<\/p><span class=\"t-author-style1\">Maurinne<\/span><\/div><\/div><\/div><\/div>\n\t\t\t  <script type=\"text\/javascript\">\n\t\t\t  jQuery(document).ready(function(){\n\t\t\t\t\tvar who = jQuery('#testimonials-container-1');\n\t\t\t\t\twho.find('.testimonials-content').height( who.find('.testimonials-content .testimonial.active > p').height() + who.find('.testimonials-content .testimonial.active > span').height() +40 );\n\t\t\t\t\twho.find('.testimonial-nav a').on('click', function(e){\n\t\t\t\t\t\te.preventDefault();\n\t\t\t\t\t});\n\t\t\t\t\twho.find('.testimonial-nav a').on('mouseenter', function(){\n\t\t\t\t\t\twho.find('.testimonial-nav a').removeClass('active');\n\t\t\t\t\t\tjQuery(this).addClass('active');\n\t\t\t\t\t\twho.find('.testimonial.active').removeClass('active');\n\t\t\t\t\t\twho.find(jQuery(this).attr('href')).addClass('active');\n\t\t\t\t\t\twho.find('.testimonials-content').height( who.find('.testimonials-content .testimonial.active > p').height() + who.find('.testimonials-content .testimonial.active > span').height() +40 );\n\t\t\t\t\t});\n\t\t\t  });\n\t\t\t  <\/script><\/div><\/div><\/div><div class=\"wpb_column vc_column_container vc_col-sm-2\"><div class=\"vc_column-inner\"><div class=\"wpb_wrapper\"><\/div><\/div><\/div><\/div><div data-vc-full-width=\"true\" data-vc-full-width-init=\"false\" class=\"vc_row wpb_row vc_row-fluid vc_custom_1481565308035 vc_row-has-fill\"><div class=\"wpb_column vc_column_container vc_col-sm-12\"><div class=\"vc_column-inner\"><div class=\"wpb_wrapper\"><h4 style=\"text-align: center\" class=\"vc_custom_heading\" >TESTIMONIALS STYLE 2<\/h4><div class=\"vc_empty_space\"   style=\"height: 60px\"><span class=\"vc_empty_space_inner\"><\/span><\/div><div id=\"testimonials-container-2\" class=\"container testimonials style1\"><div class=\"testimonial-box\"><ul class=\"testimonial-nav\"><li><a href=\"#testimonial-1\"  class=\"active\" ><img decoding=\"async\" alt=\"Testimonials#2\" src=\"https:\/\/villalaroserie.fr\/wp-content\/uploads\/2024\/03\/profile-2.png\" \/><div class=\"cover-test-img\"><\/div><\/a><\/li><li><a href=\"#testimonial-2\" ><img decoding=\"async\" alt=\"Testimonial #01\" src=\"https:\/\/villalaroserie.fr\/wp-content\/uploads\/2024\/03\/profile-2.png\" \/><div class=\"cover-test-img\"><\/div><\/a><\/li><li><a href=\"#testimonial-3\" ><img decoding=\"async\" alt=\"Testimonial #06\" src=\"https:\/\/villalaroserie.fr\/wp-content\/uploads\/2017\/10\/avis.jpg\" \/><div class=\"cover-test-img\"><\/div><\/a><\/li><\/ul><div class=\"testimonials-content\"><div class=\"testimonial active\" id=\"testimonial-1\"><p style=\"text-align: center\">Magnifique maison \u00e9quip\u00e9e, propre avec un accueil incroyable des propri\u00e9taires. Nous avons pass\u00e9 un excellent s\u00e9jour.<\/p>\r\n&nbsp;<span class=\"t-author-style1\">Olivier<\/span><\/div><div class=\"testimonial\" id=\"testimonial-2\"><p style=\"text-align: center\">Tr\u00e8s beau logement et tr\u00e8s bien \u00e9quip\u00e9. L'accueil s'est bien pass\u00e9. Tr\u00e8s propre et confortable, proche des commodit\u00e9s. Merci<\/p><span class=\"t-author-style1\">Faury<\/span><\/div><div class=\"testimonial\" id=\"testimonial-3\"><p style=\"text-align: center\">Tr\u00e8s belle villa, bien am\u00e9nag\u00e9 et propre. Nous avons pass\u00e9 un agr\u00e9able s\u00e9jour. Merci beaucoup<\/p><span class=\"t-author-style1\">Maurinne<\/span><\/div><\/div><\/div><\/div>\n\t\t\t  <script type=\"text\/javascript\">\n\t\t\t  jQuery(document).ready(function(){\n\t\t\t\t\tvar who = jQuery('#testimonials-container-2');\n\t\t\t\t\twho.find('.testimonials-content').height( who.find('.testimonials-content .testimonial.active > p').height() + who.find('.testimonials-content .testimonial.active > span').height() +40 );\n\t\t\t\t\twho.find('.testimonial-nav a').on('click', function(e){\n\t\t\t\t\t\te.preventDefault();\n\t\t\t\t\t});\n\t\t\t\t\twho.find('.testimonial-nav a').on('mouseenter', function(){\n\t\t\t\t\t\twho.find('.testimonial-nav a').removeClass('active');\n\t\t\t\t\t\tjQuery(this).addClass('active');\n\t\t\t\t\t\twho.find('.testimonial.active').removeClass('active');\n\t\t\t\t\t\twho.find(jQuery(this).attr('href')).addClass('active');\n\t\t\t\t\t\twho.find('.testimonials-content').height( who.find('.testimonials-content .testimonial.active > p').height() + who.find('.testimonials-content .testimonial.active > span').height() +40 );\n\t\t\t\t\t});\n\t\t\t  });\n\t\t\t  <\/script><\/div><\/div><\/div><\/div><div class=\"vc_row-full-width vc_clearfix\"><\/div><div class=\"vc_row wpb_row vc_row-fluid\"><div class=\"wpb_column vc_column_container vc_col-sm-12\"><div class=\"vc_column-inner\"><div class=\"wpb_wrapper\"><div class=\"vc_empty_space\"   style=\"height: 120px\"><span class=\"vc_empty_space_inner\"><\/span><\/div><h4 style=\"text-align: center\" class=\"vc_custom_heading\" >TESTIMONIALS CONTENT STYLE<\/h4><div class=\"vc_empty_space\"   style=\"height: 60px\"><span class=\"vc_empty_space_inner\"><\/span><\/div><\/div><\/div><\/div><\/div><div class=\"vc_row wpb_row vc_row-fluid\"><div class=\"wpb_column vc_column_container vc_col-sm-6\"><div class=\"vc_column-inner\"><div class=\"wpb_wrapper\"><div class=\"vc_row wpb_row vc_inner vc_row-fluid\"><div class=\"wpb_column vc_column_container vc_col-sm-12\"><div class=\"vc_column-inner\"><div class=\"wpb_wrapper\">\n\t<div  class=\"wpb_single_image wpb_content_element vc_align_left  vc_custom_1508617723561\">\n\t\t\n\t\t<figure class=\"wpb_wrapper vc_figure\">\n\t\t\t<div class=\"vc_single_image-wrapper vc_box_outline_circle  vc_box_border_black\"><img loading=\"lazy\" decoding=\"async\" class=\"vc_single_image-img\" src=\"https:\/\/villalaroserie.fr\/wp-content\/uploads\/2016\/05\/t3.jpg\" width=\"50\" height=\"51\" alt=\"t3\" title=\"t3\" \/><\/div>\n\t\t<\/figure>\n\t<\/div>\n<div class=\"ult-content-box-container\" >\t\t<div class=\"ult-content-box\" style=\"background-color:#ffffff;box-shadow: px px px px #f7f7f7 none;border-style:solid;border-width:1px;border-radius:5px;border-color:#e0e0e0;padding:30px;-webkit-transition: all 700ms ease;-moz-transition: all 700ms ease;-ms-transition: all 700ms ease;-o-transition: all 700ms ease;transition: all 700ms ease;\"  data-hover_bg_color=\"#ffffff\"  data-hover_box_shadow=\"none\"  data-hover_border_color=\"#e0e0e0\"     data-bg=\"#ffffff\"  data-border_color=\"#e0e0e0\" >\n\t<div class=\"wpb_text_column wpb_content_element\" >\n\t\t<div class=\"wpb_wrapper\">\n\t\t\t<p><em>\u00ab\u00a0Synergistically orchestrate leveraged imperatives before flexible quality vectors. Energistically.\u00a0\u00bb<\/em><\/p>\n<p><strong>John Doe<\/strong><\/p>\n\n\t\t<\/div>\n\t<\/div>\n\t\t<\/div><\/div><\/div><\/div><\/div><\/div><div class=\"ult-spacer spacer-69f6350f5c158\" data-id=\"69f6350f5c158\" data-height=\"60\" data-height-mobile=\"60\" data-height-tab=\"60\" data-height-tab-portrait=\"\" data-height-mobile-landscape=\"\" style=\"clear:both;display:block;\"><\/div><div class=\"vc_row wpb_row vc_inner vc_row-fluid\"><div class=\"wpb_column vc_column_container vc_col-sm-12\"><div class=\"vc_column-inner\"><div class=\"wpb_wrapper\">\n\t<div  class=\"wpb_single_image wpb_content_element vc_align_left  vc_custom_1508617765229\">\n\t\t\n\t\t<figure class=\"wpb_wrapper vc_figure\">\n\t\t\t<div class=\"vc_single_image-wrapper vc_box_outline_circle  vc_box_border_grey\"><img loading=\"lazy\" decoding=\"async\" class=\"vc_single_image-img\" src=\"https:\/\/villalaroserie.fr\/wp-content\/uploads\/2016\/05\/t6.jpg\" width=\"50\" height=\"51\" alt=\"t6\" title=\"t6\" \/><\/div>\n\t\t<\/figure>\n\t<\/div>\n<div class=\"ult-content-box-container\" >\t\t<div class=\"ult-content-box\" style=\"background-color:#ffffff;box-shadow: px px px px #f7f7f7 none;border-style:solid;border-width:1px;border-radius:5px;border-color:#e0e0e0;padding:30px;-webkit-transition: all 700ms ease;-moz-transition: all 700ms ease;-ms-transition: all 700ms ease;-o-transition: all 700ms ease;transition: all 700ms ease;\"  data-hover_box_shadow=\"none\"  data-hover_border_color=\"#e0e0e0\"     data-bg=\"#ffffff\"  data-border_color=\"#e0e0e0\" >\n\t<div class=\"wpb_text_column wpb_content_element\" >\n\t\t<div class=\"wpb_wrapper\">\n\t\t\t<p><em>\u00ab\u00a0Continually e-enable economically sound data without cross functional technologies. Appropriately underwhelm timely e-markets rather than transparent experiences. Rapidiously implement backward-compatible action&#8230;\u00a0\u00bb<\/em><\/p>\n<p><strong>Jonh Defoe, <a href=\"#\">TreeKode<\/a><\/strong><\/p>\n\n\t\t<\/div>\n\t<\/div>\n\t\t<\/div><\/div><\/div><\/div><\/div><\/div><div class=\"ult-spacer spacer-69f6350f5cdcd\" data-id=\"69f6350f5cdcd\" data-height=\"60\" data-height-mobile=\"60\" data-height-tab=\"60\" data-height-tab-portrait=\"\" data-height-mobile-landscape=\"\" style=\"clear:both;display:block;\"><\/div><div class=\"vc_row wpb_row vc_inner vc_row-fluid\"><div class=\"wpb_column vc_column_container vc_col-sm-12\"><div class=\"vc_column-inner\"><div class=\"wpb_wrapper\"><div class=\"ult-content-box-container\" >\t\t<div class=\"ult-content-box\" style=\"background-color:#ffffff;box-shadow: px px px px #f7f7f7 none;border-style:solid;border-width:1px;border-radius:5px;border-color:#e0e0e0;padding:30px;-webkit-transition: all 700ms ease;-moz-transition: all 700ms ease;-ms-transition: all 700ms ease;-o-transition: all 700ms ease;transition: all 700ms ease;\"  data-hover_box_shadow=\"none\"  data-hover_border_color=\"#e0e0e0\"     data-bg=\"#ffffff\"  data-border_color=\"#e0e0e0\" >\n\t<div class=\"wpb_text_column wpb_content_element\" >\n\t\t<div class=\"wpb_wrapper\">\n\t\t\t<p><em>\u00ab\u00a0Authoritatively maintain enterprise-wide schemas before.\u00a0\u00bb<\/em><\/p>\n<p><strong>Lucas Mora, TreeKode<\/strong><\/p>\n\n\t\t<\/div>\n\t<\/div>\n\t\t<\/div><\/div><\/div><\/div><\/div><\/div><\/div><\/div><\/div><div class=\"wpb_column vc_column_container vc_col-sm-6\"><div class=\"vc_column-inner\"><div class=\"wpb_wrapper\"><div class=\"vc_row wpb_row vc_inner vc_row-fluid\"><div class=\"wpb_column vc_column_container vc_col-sm-12\"><div class=\"vc_column-inner\"><div class=\"wpb_wrapper\">\n\t<div  class=\"wpb_single_image wpb_content_element vc_align_left  vc_custom_1508617739077\">\n\t\t\n\t\t<figure class=\"wpb_wrapper vc_figure\">\n\t\t\t<div class=\"vc_single_image-wrapper vc_box_outline_circle  vc_box_border_black\"><img loading=\"lazy\" decoding=\"async\" class=\"vc_single_image-img\" src=\"https:\/\/villalaroserie.fr\/wp-content\/uploads\/2016\/05\/t2.jpg\" width=\"50\" height=\"51\" alt=\"t2\" title=\"t2\" \/><\/div>\n\t\t<\/figure>\n\t<\/div>\n<div class=\"ult-content-box-container\" >\t\t<div class=\"ult-content-box\" style=\"background-color:#ffffff;box-shadow: px px px px #f7f7f7 none;border-style:solid;border-width:1px;border-radius:5px;border-color:#e0e0e0;padding:30px;-webkit-transition: all 700ms ease;-moz-transition: all 700ms ease;-ms-transition: all 700ms ease;-o-transition: all 700ms ease;transition: all 700ms ease;\"  data-hover_box_shadow=\"none\"  data-hover_border_color=\"#e0e0e0\"     data-bg=\"#ffffff\"  data-border_color=\"#e0e0e0\" >\n\t<div class=\"wpb_text_column wpb_content_element\" >\n\t\t<div class=\"wpb_wrapper\">\n\t\t\t<p><em>\u00ab\u00a0Rapidiously foster premier customer service for inexpensive action items. Progressively disintermediate pandemic ideas via process-centric web-readiness. Dynamically re-engineer distinctive materials vis-a-vis clicks-and-mortar experiences. Professionally benchmark virtual opportunities before covalent benefits.Compellingly disseminate equity invested infrastructures with value-added portals. Proactively matrix extensible manufactured products rather than resource sucking&#8230;\u00a0\u00bb<\/em><\/p>\n<p><strong>Lucas Spalvis, <a href=\"#\">Hazel<\/a><\/strong><\/p>\n\n\t\t<\/div>\n\t<\/div>\n\t\t<\/div><\/div><\/div><\/div><\/div><\/div><div class=\"ult-spacer spacer-69f6350f5dc8f\" data-id=\"69f6350f5dc8f\" data-height=\"60\" data-height-mobile=\"60\" data-height-tab=\"60\" data-height-tab-portrait=\"\" data-height-mobile-landscape=\"\" style=\"clear:both;display:block;\"><\/div><div class=\"vc_row wpb_row vc_inner vc_row-fluid\"><div class=\"wpb_column vc_column_container vc_col-sm-12\"><div class=\"vc_column-inner\"><div class=\"wpb_wrapper\">\n\t<div  class=\"wpb_single_image wpb_content_element vc_align_left  vc_custom_1508617752164\">\n\t\t\n\t\t<figure class=\"wpb_wrapper vc_figure\">\n\t\t\t<div class=\"vc_single_image-wrapper vc_box_outline_circle  vc_box_border_black\"><img loading=\"lazy\" decoding=\"async\" class=\"vc_single_image-img\" src=\"https:\/\/villalaroserie.fr\/wp-content\/uploads\/2016\/05\/t4.jpg\" width=\"50\" height=\"51\" alt=\"t4\" title=\"t4\" \/><\/div>\n\t\t<\/figure>\n\t<\/div>\n<div class=\"ult-content-box-container\" >\t\t<div class=\"ult-content-box\" style=\"background-color:#ffffff;box-shadow: px px px px #f7f7f7 none;border-style:solid;border-width:1px;border-radius:5px;border-color:#e0e0e0;padding:30px;-webkit-transition: all 700ms ease;-moz-transition: all 700ms ease;-ms-transition: all 700ms ease;-o-transition: all 700ms ease;transition: all 700ms ease;\"  data-hover_box_shadow=\"none\"  data-hover_border_color=\"#e0e0e0\"     data-bg=\"#ffffff\"  data-border_color=\"#e0e0e0\" >\n\t<div class=\"wpb_text_column wpb_content_element\" >\n\t\t<div class=\"wpb_wrapper\">\n\t\t\t<p><em>\u00ab\u00a0Continually e-enable economically sound data without cross functional technologies. Appropriately underwhelm timely e-markets rather than transparent experiences. Rapidiously implement backward-compatible action&#8230;\u00a0\u00bb<\/em><\/p>\n<p><strong>Marianne, <a href=\"#\">TreeKode<\/a><\/strong><\/p>\n\n\t\t<\/div>\n\t<\/div>\n\t\t<\/div><\/div><\/div><\/div><\/div><\/div><\/div><\/div><\/div><\/div><div class=\"vc_row wpb_row vc_row-fluid\"><div class=\"wpb_column vc_column_container vc_col-sm-12\"><div class=\"vc_column-inner\"><div class=\"wpb_wrapper\"><div class=\"vc_empty_space\"   style=\"height: 80px\"><span class=\"vc_empty_space_inner\"><\/span><\/div><\/div><\/div><\/div><\/div>","protected":false},"excerpt":{"rendered":"TESTIMONIALS STYLE 1Magnifique maison \u00e9quip\u00e9e, propre avec un accueil incroyable des propri\u00e9taires. Nous avons pass\u00e9 un excellent s\u00e9jour. &nbsp;OlivierTr\u00e8s beau logement et tr\u00e8s bien \u00e9quip\u00e9. L'accueil s'est bien pass\u00e9. Tr\u00e8s propre et confortable, proche des commodit\u00e9s. MerciFauryTr\u00e8s belle villa, bien am\u00e9nag\u00e9 et propre. Nous avons pass\u00e9 un agr\u00e9able s\u00e9jour. Merci beaucoupMaurinne TESTIMONIALS STYLE 2Magnifique maison [...]","protected":false},"author":1,"featured_media":0,"parent":0,"menu_order":0,"comment_status":"closed","ping_status":"closed","template":"page.php","meta":{"footnotes":""},"_links":{"self":[{"href":"https:\/\/villalaroserie.fr\/en\/wp-json\/wp\/v2\/pages\/109"}],"collection":[{"href":"https:\/\/villalaroserie.fr\/en\/wp-json\/wp\/v2\/pages"}],"about":[{"href":"https:\/\/villalaroserie.fr\/en\/wp-json\/wp\/v2\/types\/page"}],"author":[{"embeddable":true,"href":"https:\/\/villalaroserie.fr\/en\/wp-json\/wp\/v2\/users\/1"}],"replies":[{"embeddable":true,"href":"https:\/\/villalaroserie.fr\/en\/wp-json\/wp\/v2\/comments?post=109"}],"version-history":[{"count":0,"href":"https:\/\/villalaroserie.fr\/en\/wp-json\/wp\/v2\/pages\/109\/revisions"}],"wp:attachment":[{"href":"https:\/\/villalaroserie.fr\/en\/wp-json\/wp\/v2\/media?parent=109"}],"curies":[{"name":"wp","href":"https:\/\/api.w.org\/{rel}","templated":true}]}}